{"id":6887,"date":"2022-03-16T12:29:06","date_gmt":"2022-03-16T11:29:06","guid":{"rendered":"https:\/\/www.las-bogastvopodezelja.si\/esrr-2\/"},"modified":"2022-03-16T12:29:06","modified_gmt":"2022-03-16T11:29:06","slug":"esrr","status":"publish","type":"page","link":"https:\/\/www.las-bogastvopodezelja.si\/en\/clld-2014-2020\/esrr\/","title":{"rendered":"ESRR"},"content":{"rendered":"\t\t<div data-elementor-type=\"wp-page\" data-elementor-id=\"6887\" class=\"elementor elementor-6887 elementor-222\" data-elementor-post-type=\"page\">\n\t\t\t\t\t\t<section class=\"elementor-section elementor-top-section elementor-element elementor-element-42a61a2 elementor-section-full_width elementor-section-height-default elementor-section-height-default\" data-id=\"42a61a2\" data-element_type=\"section\" data-e-type=\"section\" data-settings=\"{&quot;jet_parallax_layout_list&quot;:[],&quot;_ob_glider_is_slider&quot;:&quot;no&quot;}\">\n\t\t\t\t\t\t<div class=\"elementor-container elementor-column-gap-no\">\n\t\t\t\t\t<div class=\"elementor-column elementor-col-100 elementor-top-column elementor-element elementor-element-8991303\" data-id=\"8991303\" data-element_type=\"column\" data-e-type=\"column\" data-settings=\"{&quot;_ob_column_hoveranimator&quot;:&quot;no&quot;,&quot;_ob_column_has_pseudo&quot;:&quot;no&quot;}\">\n\t\t\t<div class=\"elementor-widget-wrap elementor-element-populated\">\n\t\t\t\t\t\t<div class=\"elementor-element elementor-element-c034971 ob-has-background-overlay elementor-widget elementor-widget-template\" data-id=\"c034971\" data-element_type=\"widget\" data-e-type=\"widget\" data-settings=\"{&quot;_ob_widget_stalker_use&quot;:&quot;no&quot;,&quot;_ob_poopart_use&quot;:&quot;yes&quot;,&quot;_ob_shadough_use&quot;:&quot;no&quot;,&quot;_ob_allow_hoveranimator&quot;:&quot;no&quot;}\" data-widget_type=\"template.default\">\n\t\t\t\t<div class=\"elementor-widget-container\">\n\t\t\t\t\t\t\t<div class=\"elementor-template\">\n\t\t\t\t\t<div data-elementor-type=\"section\" data-elementor-id=\"303\" class=\"elementor elementor-303\" data-elementor-post-type=\"elementor_library\">\n\t\t\t\t\t<section class=\"elementor-section elementor-top-section elementor-element elementor-element-edf5794 elementor-section-height-min-height elementor-section-boxed elementor-section-height-default elementor-section-items-middle\" data-id=\"edf5794\" data-element_type=\"section\" data-e-type=\"section\" data-settings=\"{&quot;background_background&quot;:&quot;gradient&quot;,&quot;shape_divider_bottom&quot;:&quot;mountains&quot;,&quot;jet_parallax_layout_list&quot;:[],&quot;_ob_glider_is_slider&quot;:&quot;no&quot;}\">\n\t\t\t\t\t<div class=\"elementor-shape elementor-shape-bottom\" aria-hidden=\"true\" data-negative=\"false\">\n\t\t\t<svg xmlns=\"http:\/\/www.w3.org\/2000\/svg\" viewBox=\"0 0 1000 100\" preserveAspectRatio=\"none\">\n\t<path class=\"elementor-shape-fill\" opacity=\"0.33\" d=\"M473,67.3c-203.9,88.3-263.1-34-320.3,0C66,119.1,0,59.7,0,59.7V0h1000v59.7 c0,0-62.1,26.1-94.9,29.3c-32.8,3.3-62.8-12.3-75.8-22.1C806,49.6,745.3,8.7,694.9,4.7S492.4,59,473,67.3z\"\/>\n\t<path class=\"elementor-shape-fill\" opacity=\"0.66\" d=\"M734,67.3c-45.5,0-77.2-23.2-129.1-39.1c-28.6-8.7-150.3-10.1-254,39.1 s-91.7-34.4-149.2,0C115.7,118.3,0,39.8,0,39.8V0h1000v36.5c0,0-28.2-18.5-92.1-18.5C810.2,18.1,775.7,67.3,734,67.3z\"\/>\n\t<path class=\"elementor-shape-fill\" d=\"M766.1,28.9c-200-57.5-266,65.5-395.1,19.5C242,1.8,242,5.4,184.8,20.6C128,35.8,132.3,44.9,89.9,52.5C28.6,63.7,0,0,0,0 h1000c0,0-9.9,40.9-83.6,48.1S829.6,47,766.1,28.9z\"\/>\n<\/svg>\t\t<\/div>\n\t\t\t\t\t<div class=\"elementor-container elementor-column-gap-default\">\n\t\t\t\t\t<div class=\"elementor-column elementor-col-100 elementor-top-column elementor-element elementor-element-cb20cc4\" data-id=\"cb20cc4\" data-element_type=\"column\" data-e-type=\"column\" data-settings=\"{&quot;_ob_column_hoveranimator&quot;:&quot;no&quot;,&quot;_ob_column_has_pseudo&quot;:&quot;no&quot;}\">\n\t\t\t<div class=\"elementor-widget-wrap elementor-element-populated\">\n\t\t\t\t\t\t<div class=\"elementor-element elementor-element-5330ccf ob-harakiri-inherit ob-has-background-overlay elementor-widget elementor-widget-heading\" data-id=\"5330ccf\" data-element_type=\"widget\" data-e-type=\"widget\" data-settings=\"{&quot;_ob_use_harakiri&quot;:&quot;yes&quot;,&quot;_ob_harakiri_writing_mode&quot;:&quot;inherit&quot;,&quot;_ob_harakiri_text_clip&quot;:&quot;none&quot;,&quot;_ob_widget_stalker_use&quot;:&quot;no&quot;,&quot;_ob_poopart_use&quot;:&quot;yes&quot;,&quot;_ob_shadough_use&quot;:&quot;no&quot;,&quot;_ob_allow_hoveranimator&quot;:&quot;no&quot;}\" data-widget_type=\"heading.default\">\n\t\t\t\t<div class=\"elementor-widget-container\">\n\t\t\t\t\t<h1 class=\"elementor-heading-title elementor-size-default\">ESRR<\/h1>\t\t\t\t<\/div>\n\t\t\t\t<\/div>\n\t\t\t\t<div class=\"elementor-element elementor-element-a154946 ob-has-background-overlay elementor-widget elementor-widget-breadcrumbs\" data-id=\"a154946\" data-element_type=\"widget\" data-e-type=\"widget\" data-settings=\"{&quot;_ob_widget_stalker_use&quot;:&quot;no&quot;,&quot;_ob_poopart_use&quot;:&quot;yes&quot;,&quot;_ob_shadough_use&quot;:&quot;no&quot;,&quot;_ob_allow_hoveranimator&quot;:&quot;no&quot;}\" data-widget_type=\"breadcrumbs.default\">\n\t\t\t\t<div class=\"elementor-widget-container\">\n\t\t\t\t\t<p id=\"breadcrumbs\"><span><span><a href=\"https:\/\/www.las-bogastvopodezelja.si\/en\/\">Domov<\/a><\/span><\/span><\/p>\t\t\t\t<\/div>\n\t\t\t\t<\/div>\n\t\t\t\t\t<\/div>\n\t\t<\/div>\n\t\t\t\t\t<\/div>\n\t\t<\/section>\n\t\t\t\t<\/div>\n\t\t\t\t<\/div>\n\t\t\t\t\t\t<\/div>\n\t\t\t\t<\/div>\n\t\t\t\t\t<\/div>\n\t\t<\/div>\n\t\t\t\t\t<\/div>\n\t\t<\/section>\n\t\t\t\t<section class=\"elementor-section elementor-top-section elementor-element elementor-element-5039087 elementor-section-boxed elementor-section-height-default elementor-section-height-default\" data-id=\"5039087\" data-element_type=\"section\" data-e-type=\"section\" data-settings=\"{&quot;jet_parallax_layout_list&quot;:[],&quot;_ob_glider_is_slider&quot;:&quot;no&quot;}\">\n\t\t\t\t\t\t<div class=\"elementor-container elementor-column-gap-default\">\n\t\t\t\t\t<div class=\"elementor-column elementor-col-100 elementor-top-column elementor-element elementor-element-7414371\" data-id=\"7414371\" data-element_type=\"column\" data-e-type=\"column\" data-settings=\"{&quot;_ob_column_hoveranimator&quot;:&quot;no&quot;,&quot;_ob_column_has_pseudo&quot;:&quot;no&quot;}\">\n\t\t\t<div class=\"elementor-widget-wrap elementor-element-populated\">\n\t\t\t\t\t\t<div class=\"elementor-element elementor-element-877a5b4 ob-harakiri-inherit ob-has-background-overlay elementor-widget elementor-widget-text-editor\" data-id=\"877a5b4\" data-element_type=\"widget\" data-e-type=\"widget\" data-settings=\"{&quot;_ob_use_harakiri&quot;:&quot;yes&quot;,&quot;_ob_harakiri_writing_mode&quot;:&quot;inherit&quot;,&quot;_ob_postman_use&quot;:&quot;no&quot;,&quot;_ob_widget_stalker_use&quot;:&quot;no&quot;,&quot;_ob_poopart_use&quot;:&quot;yes&quot;,&quot;_ob_shadough_use&quot;:&quot;no&quot;,&quot;_ob_allow_hoveranimator&quot;:&quot;no&quot;}\" data-widget_type=\"text-editor.default\">\n\t\t\t\t<div class=\"elementor-widget-container\">\n\t\t\t\t\t\t\t\t\t<h2><strong>ESRR<\/strong> \u2013 <strong>E<\/strong>vropski <strong>S<\/strong>klad za <strong>R<\/strong>egionalni <strong>R<\/strong>azvoj<\/h2><h3>Pristop CLLD (lokalni razvoj, ki ga vodi skupnost)<\/h3><p>Sredstva Evropskega sklada za regionalni razvoj &#8211; ESRR so namenjena re\u0161evanju urbane problematike na manj\u0161ih mestnih in urbanih obmo\u010djih ter tudi za problemska obmo\u010dja, za katera so bila dodeljena dodatna sredstva. S podporo gospodarskim dejavnostim in vlaganjem v \u010dlove\u0161ke potenciale ter manj\u0161imi vlaganji v prenovo na obmo\u010djih lokalnih akcijskih skupin &#8211; LAS se ustvarja razmere za njihovo prestrukturiranje.<\/p><p>Za izvedbo CLLD 2014 &#8211; 2020 je skupno namenjenih <strong>37,5 milijona evrov<\/strong>.<\/p><p>Vlogo posredni\u0161kega organa ima <strong>Ministrstvo za gospodarski razvoj in tehnologijo \u2013 MGRT.<\/strong><\/p><p>Podpora iz ESRR se namenja za slede\u010da <strong>tematska podro\u010dja<\/strong>:<\/p><ul><li>ustvarjanje delovnih mest (spodbujanje podjetni\u0161kih aktivnosti in inovativnih razvojnih partnerstev),<\/li><li>varstvo okolja in ohranjanje narave (izbolj\u0161anje stanja okolja),<\/li><li>ve\u010dja vklju\u010denost ranljivih skupin (krepitev sodelovanja z institucionalnim okoljem za pove\u010danje socialne vklju\u010denosti, pove\u010danje dostopnosti do storitev na lokalni ravni in odpravljanje rev\u0161\u010dine).<\/li><\/ul><p><strong>Upravi\u010denci<\/strong> do sredstev ESRR so lokalne akcijske skupine -LAS, pravne osebe javnega in zasebnega prava, nevladne organizacije, institucije regionalnega razvoja. Fizi\u010dne osebe, razen s.p., niso upravi\u010denci.<\/p><p><strong>Ciljne skupine<\/strong> so lahko podjetniki posamezniki, pravne osebe javnega in zasebnega prava, mladi (osipniki, odvisniki, mladoletni prestopniki, otroci in mladostniki iz dru\u017ein, v katerih je prisotno nasilje) in druge ranljive skupine (\u017eenske \u017ertve nasilja, migrantke, pripadnice etni\u010dnih manj\u0161in), dolgotrajno brezposelne osebe, starej\u0161i, nevladne organizacije, interesna ali druga zdru\u017eenja na lokalni ravni, lokalne ali teritorialne iniciative.<\/p><p><strong>Upravi\u010deni stro\u0161ki<\/strong> morajo biti skladni z Navodili organa upravljanja o upravi\u010denih stro\u0161kih za sredstva evropske kohezijske politike v obdobju 2014-2020 (DDV ni upravi\u010den stro\u0161ek).<\/p><p>Vrste upravi\u010denih stro\u0161kov: investicije ter oprema in druga opredmetena osnovna sredstva, stro\u0161ki pla\u010d in povra\u010dil v zvezi z delom, stro\u0161ki informiranja in komuniciranja, stro\u0161ki storitev zunanjih izvajalcev.<\/p><p>Operacije sodelovanja morajo biti neinvesticijske narave.<\/p><p>Upravi\u010deni so stro\u0161ki, ki nastanejo po oddaji vloge v odobritev na MGRT.<\/p><p><strong>Vrsta podpore<\/strong>: Podpora se dodeli v obliki nepovratne finan\u010dne pomo\u010di.<\/p><p>Najni\u017eji znesek javne podpore za posamezno operacijo zna\u0161a 5.000 evrov. Stopnja javne podpore iz naslova ESRR zna\u0161a <strong>80 % upravi\u010denih stro\u0161kov operacije<\/strong>. Od tega zna\u0161a podpora Evropske unije 80 % in nacionalni javni prispevek iz dr\u017eavnega prora\u010duna 20 %. Preostanek sredstev za pokritje upravi\u010denih in neupravi\u010denih stro\u0161kov operacije zagotavljajo upravi\u010denci iz drugih javnih ali zasebnih virov.<\/p>\t\t\t\t\t\t\t\t<\/div>\n\t\t\t\t<\/div>\n\t\t\t\t\t<\/div>\n\t\t<\/div>\n\t\t\t\t\t<\/div>\n\t\t<\/section>\n\t\t\t\t<\/div>\n\t\t","protected":false},"excerpt":{"rendered":"<p>ESRR \u2013 Evropski Sklad za Regionalni Razvoj Pristop CLLD (lokalni razvoj, ki ga vodi skupnost) Sredstva Evropskega sklada za regionalni razvoj &#8211; ESRR so namenjena re\u0161evanju urbane problematike na manj\u0161ih mestnih in urbanih obmo\u010djih ter tudi za problemska obmo\u010dja, za katera so bila dodeljena dodatna sredstva. S podporo gospodarskim dejavnostim in vlaganjem v \u010dlove\u0161ke potenciale [&hellip;]<\/p>\n","protected":false},"author":1,"featured_media":0,"parent":6899,"menu_order":0,"comment_status":"closed","ping_status":"closed","template":"","meta":{"site-sidebar-layout":"no-sidebar","site-content-layout":"page-builder","ast-site-content-layout":"default","site-content-style":"default","site-sidebar-style":"default","ast-global-header-display":"","ast-banner-title-visibility":"","ast-main-header-display":"","ast-hfb-above-header-display":"","ast-hfb-below-header-display":"","ast-hfb-mobile-header-display":"","site-post-title":"disabled","ast-breadcrumbs-content":"","ast-featured-img":"disabled","footer-sml-layout":"","ast-disable-related-posts":"","theme-transparent-header-meta":"","adv-header-id-meta":"","stick-header-meta":"","header-above-stick-meta":"","header-main-stick-meta":"","header-below-stick-meta":"","astra-migrate-meta-layouts":"default","ast-page-background-enabled":"default","ast-page-background-meta":{"desktop":{"background-color":"","background-image":"","background-repeat":"repeat","background-position":"center center","background-size":"auto","background-attachment":"scroll","background-type":"","background-media":"","overlay-type":"","overlay-color":"","overlay-opacity":"","overlay-gradient":""},"tablet":{"background-color":"","background-image":"","background-repeat":"repeat","background-position":"center center","background-size":"auto","background-attachment":"scroll","background-type":"","background-media":"","overlay-type":"","overlay-color":"","overlay-opacity":"","overlay-gradient":""},"mobile":{"background-color":"","background-image":"","background-repeat":"repeat","background-position":"center center","background-size":"auto","background-attachment":"scroll","background-type":"","background-media":"","overlay-type":"","overlay-color":"","overlay-opacity":"","overlay-gradient":""}},"ast-content-background-meta":{"desktop":{"background-color":"var(--ast-global-color-5)","background-image":"","background-repeat":"repeat","background-position":"center center","background-size":"auto","background-attachment":"scroll","background-type":"","background-media":"","overlay-type":"","overlay-color":"","overlay-opacity":"","overlay-gradient":""},"tablet":{"background-color":"var(--ast-global-color-5)","background-image":"","background-repeat":"repeat","background-position":"center center","background-size":"auto","background-attachment":"scroll","background-type":"","background-media":"","overlay-type":"","overlay-color":"","overlay-opacity":"","overlay-gradient":""},"mobile":{"background-color":"var(--ast-global-color-5)","background-image":"","background-repeat":"repeat","background-position":"center center","background-size":"auto","background-attachment":"scroll","background-type":"","background-media":"","overlay-type":"","overlay-color":"","overlay-opacity":"","overlay-gradient":""}},"footnotes":""},"class_list":["post-6887","page","type-page","status-publish","hentry"],"yoast_head":"<!-- This site is optimized with the Yoast SEO plugin v27.5 - https:\/\/yoast.com\/product\/yoast-seo-wordpress\/ -->\n<title>ESRR - Las Bogastvo pode\u017eelja<\/title>\n<meta name=\"robots\" content=\"index, follow, max-snippet:-1, max-image-preview:large, max-video-preview:-1\" \/>\n<link rel=\"canonical\" href=\"https:\/\/www.las-bogastvopodezelja.si\/en\/clld-2014-2020\/esrr\/\" \/>\n<meta property=\"og:locale\" content=\"en_US\" \/>\n<meta property=\"og:type\" content=\"article\" \/>\n<meta property=\"og:title\" content=\"ESRR - Las Bogastvo pode\u017eelja\" \/>\n<meta property=\"og:description\" content=\"ESRR \u2013 Evropski Sklad za Regionalni Razvoj Pristop CLLD (lokalni razvoj, ki ga vodi skupnost) Sredstva Evropskega sklada za regionalni razvoj &#8211; ESRR so namenjena re\u0161evanju urbane problematike na manj\u0161ih mestnih in urbanih obmo\u010djih ter tudi za problemska obmo\u010dja, za katera so bila dodeljena dodatna sredstva. S podporo gospodarskim dejavnostim in vlaganjem v \u010dlove\u0161ke potenciale [&hellip;]\" \/>\n<meta property=\"og:url\" content=\"https:\/\/www.las-bogastvopodezelja.si\/en\/clld-2014-2020\/esrr\/\" \/>\n<meta property=\"og:site_name\" content=\"Las Bogastvo pode\u017eelja\" \/>\n<meta name=\"twitter:card\" content=\"summary_large_image\" \/>\n<meta name=\"twitter:label1\" content=\"Est. reading time\" \/>\n\t<meta name=\"twitter:data1\" content=\"2 minutes\" \/>\n<script type=\"application\/ld+json\" class=\"yoast-schema-graph\">{\"@context\":\"https:\\\/\\\/schema.org\",\"@graph\":[{\"@type\":\"WebPage\",\"@id\":\"https:\\\/\\\/www.las-bogastvopodezelja.si\\\/en\\\/clld-2014-2020\\\/esrr\\\/\",\"url\":\"https:\\\/\\\/www.las-bogastvopodezelja.si\\\/en\\\/clld-2014-2020\\\/esrr\\\/\",\"name\":\"ESRR - Las Bogastvo pode\u017eelja\",\"isPartOf\":{\"@id\":\"https:\\\/\\\/www.las-bogastvopodezelja.si\\\/en\\\/#website\"},\"datePublished\":\"2022-03-16T11:29:06+00:00\",\"breadcrumb\":{\"@id\":\"https:\\\/\\\/www.las-bogastvopodezelja.si\\\/en\\\/clld-2014-2020\\\/esrr\\\/#breadcrumb\"},\"inLanguage\":\"en-US\",\"potentialAction\":[{\"@type\":\"ReadAction\",\"target\":[\"https:\\\/\\\/www.las-bogastvopodezelja.si\\\/en\\\/clld-2014-2020\\\/esrr\\\/\"]}]},{\"@type\":\"BreadcrumbList\",\"@id\":\"https:\\\/\\\/www.las-bogastvopodezelja.si\\\/en\\\/clld-2014-2020\\\/esrr\\\/#breadcrumb\",\"itemListElement\":[{\"@type\":\"ListItem\",\"position\":1,\"name\":\"Domov\",\"item\":\"https:\\\/\\\/www.las-bogastvopodezelja.si\\\/en\\\/\"},{\"@type\":\"ListItem\",\"position\":2,\"name\":\"ESRR\"}]},{\"@type\":\"WebSite\",\"@id\":\"https:\\\/\\\/www.las-bogastvopodezelja.si\\\/en\\\/#website\",\"url\":\"https:\\\/\\\/www.las-bogastvopodezelja.si\\\/en\\\/\",\"name\":\"Las Bogastvo pode\u017eelja\",\"description\":\"Las Bogastvo pode\u017eelja\",\"publisher\":{\"@id\":\"https:\\\/\\\/www.las-bogastvopodezelja.si\\\/en\\\/#organization\"},\"potentialAction\":[{\"@type\":\"SearchAction\",\"target\":{\"@type\":\"EntryPoint\",\"urlTemplate\":\"https:\\\/\\\/www.las-bogastvopodezelja.si\\\/en\\\/?s={search_term_string}\"},\"query-input\":{\"@type\":\"PropertyValueSpecification\",\"valueRequired\":true,\"valueName\":\"search_term_string\"}}],\"inLanguage\":\"en-US\"},{\"@type\":\"Organization\",\"@id\":\"https:\\\/\\\/www.las-bogastvopodezelja.si\\\/en\\\/#organization\",\"name\":\"Las Bogastvo pode\u017eelja\",\"url\":\"https:\\\/\\\/www.las-bogastvopodezelja.si\\\/en\\\/\",\"logo\":{\"@type\":\"ImageObject\",\"inLanguage\":\"en-US\",\"@id\":\"https:\\\/\\\/www.las-bogastvopodezelja.si\\\/en\\\/#\\\/schema\\\/logo\\\/image\\\/\",\"url\":\"https:\\\/\\\/www.las-bogastvopodezelja.si\\\/wp-content\\\/uploads\\\/2022\\\/03\\\/logo.jpg\",\"contentUrl\":\"https:\\\/\\\/www.las-bogastvopodezelja.si\\\/wp-content\\\/uploads\\\/2022\\\/03\\\/logo.jpg\",\"width\":400,\"height\":200,\"caption\":\"Las Bogastvo pode\u017eelja\"},\"image\":{\"@id\":\"https:\\\/\\\/www.las-bogastvopodezelja.si\\\/en\\\/#\\\/schema\\\/logo\\\/image\\\/\"}}]}<\/script>\n<!-- \/ Yoast SEO plugin. -->","yoast_head_json":{"title":"ESRR - Las Bogastvo pode\u017eelja","robots":{"index":"index","follow":"follow","max-snippet":"max-snippet:-1","max-image-preview":"max-image-preview:large","max-video-preview":"max-video-preview:-1"},"canonical":"https:\/\/www.las-bogastvopodezelja.si\/en\/clld-2014-2020\/esrr\/","og_locale":"en_US","og_type":"article","og_title":"ESRR - Las Bogastvo pode\u017eelja","og_description":"ESRR \u2013 Evropski Sklad za Regionalni Razvoj Pristop CLLD (lokalni razvoj, ki ga vodi skupnost) Sredstva Evropskega sklada za regionalni razvoj &#8211; ESRR so namenjena re\u0161evanju urbane problematike na manj\u0161ih mestnih in urbanih obmo\u010djih ter tudi za problemska obmo\u010dja, za katera so bila dodeljena dodatna sredstva. S podporo gospodarskim dejavnostim in vlaganjem v \u010dlove\u0161ke potenciale [&hellip;]","og_url":"https:\/\/www.las-bogastvopodezelja.si\/en\/clld-2014-2020\/esrr\/","og_site_name":"Las Bogastvo pode\u017eelja","twitter_card":"summary_large_image","twitter_misc":{"Est. reading time":"2 minutes"},"schema":{"@context":"https:\/\/schema.org","@graph":[{"@type":"WebPage","@id":"https:\/\/www.las-bogastvopodezelja.si\/en\/clld-2014-2020\/esrr\/","url":"https:\/\/www.las-bogastvopodezelja.si\/en\/clld-2014-2020\/esrr\/","name":"ESRR - Las Bogastvo pode\u017eelja","isPartOf":{"@id":"https:\/\/www.las-bogastvopodezelja.si\/en\/#website"},"datePublished":"2022-03-16T11:29:06+00:00","breadcrumb":{"@id":"https:\/\/www.las-bogastvopodezelja.si\/en\/clld-2014-2020\/esrr\/#breadcrumb"},"inLanguage":"en-US","potentialAction":[{"@type":"ReadAction","target":["https:\/\/www.las-bogastvopodezelja.si\/en\/clld-2014-2020\/esrr\/"]}]},{"@type":"BreadcrumbList","@id":"https:\/\/www.las-bogastvopodezelja.si\/en\/clld-2014-2020\/esrr\/#breadcrumb","itemListElement":[{"@type":"ListItem","position":1,"name":"Domov","item":"https:\/\/www.las-bogastvopodezelja.si\/en\/"},{"@type":"ListItem","position":2,"name":"ESRR"}]},{"@type":"WebSite","@id":"https:\/\/www.las-bogastvopodezelja.si\/en\/#website","url":"https:\/\/www.las-bogastvopodezelja.si\/en\/","name":"Las Bogastvo pode\u017eelja","description":"Las Bogastvo pode\u017eelja","publisher":{"@id":"https:\/\/www.las-bogastvopodezelja.si\/en\/#organization"},"potentialAction":[{"@type":"SearchAction","target":{"@type":"EntryPoint","urlTemplate":"https:\/\/www.las-bogastvopodezelja.si\/en\/?s={search_term_string}"},"query-input":{"@type":"PropertyValueSpecification","valueRequired":true,"valueName":"search_term_string"}}],"inLanguage":"en-US"},{"@type":"Organization","@id":"https:\/\/www.las-bogastvopodezelja.si\/en\/#organization","name":"Las Bogastvo pode\u017eelja","url":"https:\/\/www.las-bogastvopodezelja.si\/en\/","logo":{"@type":"ImageObject","inLanguage":"en-US","@id":"https:\/\/www.las-bogastvopodezelja.si\/en\/#\/schema\/logo\/image\/","url":"https:\/\/www.las-bogastvopodezelja.si\/wp-content\/uploads\/2022\/03\/logo.jpg","contentUrl":"https:\/\/www.las-bogastvopodezelja.si\/wp-content\/uploads\/2022\/03\/logo.jpg","width":400,"height":200,"caption":"Las Bogastvo pode\u017eelja"},"image":{"@id":"https:\/\/www.las-bogastvopodezelja.si\/en\/#\/schema\/logo\/image\/"}}]}},"_links":{"self":[{"href":"https:\/\/www.las-bogastvopodezelja.si\/en\/wp-json\/wp\/v2\/pages\/6887","targetHints":{"allow":["GET"]}}],"collection":[{"href":"https:\/\/www.las-bogastvopodezelja.si\/en\/wp-json\/wp\/v2\/pages"}],"about":[{"href":"https:\/\/www.las-bogastvopodezelja.si\/en\/wp-json\/wp\/v2\/types\/page"}],"author":[{"embeddable":true,"href":"https:\/\/www.las-bogastvopodezelja.si\/en\/wp-json\/wp\/v2\/users\/1"}],"replies":[{"embeddable":true,"href":"https:\/\/www.las-bogastvopodezelja.si\/en\/wp-json\/wp\/v2\/comments?post=6887"}],"version-history":[{"count":0,"href":"https:\/\/www.las-bogastvopodezelja.si\/en\/wp-json\/wp\/v2\/pages\/6887\/revisions"}],"up":[{"embeddable":true,"href":"https:\/\/www.las-bogastvopodezelja.si\/en\/wp-json\/wp\/v2\/pages\/6899"}],"wp:attachment":[{"href":"https:\/\/www.las-bogastvopodezelja.si\/en\/wp-json\/wp\/v2\/media?parent=6887"}],"curies":[{"name":"wp","href":"https:\/\/api.w.org\/{rel}","templated":true}]}}