{"id":6886,"date":"2022-03-16T12:29:20","date_gmt":"2022-03-16T11:29:20","guid":{"rendered":"https:\/\/www.las-bogastvopodezelja.si\/eksrp-2\/"},"modified":"2022-03-16T12:29:20","modified_gmt":"2022-03-16T11:29:20","slug":"eksrp","status":"publish","type":"page","link":"https:\/\/www.las-bogastvopodezelja.si\/en\/clld-2014-2020\/eksrp\/","title":{"rendered":"EKSRP"},"content":{"rendered":"\t\t<div data-elementor-type=\"wp-page\" data-elementor-id=\"6886\" class=\"elementor elementor-6886 elementor-224\" data-elementor-post-type=\"page\">\n\t\t\t\t\t\t<section class=\"elementor-section elementor-top-section elementor-element elementor-element-a717ac7 elementor-section-full_width elementor-section-height-default elementor-section-height-default\" data-id=\"a717ac7\" data-element_type=\"section\" data-e-type=\"section\" data-settings=\"{&quot;jet_parallax_layout_list&quot;:[],&quot;_ob_glider_is_slider&quot;:&quot;no&quot;}\">\n\t\t\t\t\t\t<div class=\"elementor-container elementor-column-gap-no\">\n\t\t\t\t\t<div class=\"elementor-column elementor-col-100 elementor-top-column elementor-element elementor-element-e98b074\" data-id=\"e98b074\" data-element_type=\"column\" data-e-type=\"column\" data-settings=\"{&quot;_ob_column_hoveranimator&quot;:&quot;no&quot;,&quot;_ob_column_has_pseudo&quot;:&quot;no&quot;}\">\n\t\t\t<div class=\"elementor-widget-wrap elementor-element-populated\">\n\t\t\t\t\t\t<div class=\"elementor-element elementor-element-9ecf69a ob-has-background-overlay elementor-widget elementor-widget-template\" data-id=\"9ecf69a\" data-element_type=\"widget\" data-e-type=\"widget\" data-settings=\"{&quot;_ob_widget_stalker_use&quot;:&quot;no&quot;,&quot;_ob_poopart_use&quot;:&quot;yes&quot;,&quot;_ob_shadough_use&quot;:&quot;no&quot;,&quot;_ob_allow_hoveranimator&quot;:&quot;no&quot;}\" data-widget_type=\"template.default\">\n\t\t\t\t<div class=\"elementor-widget-container\">\n\t\t\t\t\t\t\t<div class=\"elementor-template\">\n\t\t\t\t\t<div data-elementor-type=\"section\" data-elementor-id=\"303\" class=\"elementor elementor-303\" data-elementor-post-type=\"elementor_library\">\n\t\t\t\t\t<section class=\"elementor-section elementor-top-section elementor-element elementor-element-edf5794 elementor-section-height-min-height elementor-section-boxed elementor-section-height-default elementor-section-items-middle\" data-id=\"edf5794\" data-element_type=\"section\" data-e-type=\"section\" data-settings=\"{&quot;background_background&quot;:&quot;gradient&quot;,&quot;shape_divider_bottom&quot;:&quot;mountains&quot;,&quot;jet_parallax_layout_list&quot;:[],&quot;_ob_glider_is_slider&quot;:&quot;no&quot;}\">\n\t\t\t\t\t<div class=\"elementor-shape elementor-shape-bottom\" aria-hidden=\"true\" data-negative=\"false\">\n\t\t\t<svg xmlns=\"http:\/\/www.w3.org\/2000\/svg\" viewBox=\"0 0 1000 100\" preserveAspectRatio=\"none\">\n\t<path class=\"elementor-shape-fill\" opacity=\"0.33\" d=\"M473,67.3c-203.9,88.3-263.1-34-320.3,0C66,119.1,0,59.7,0,59.7V0h1000v59.7 c0,0-62.1,26.1-94.9,29.3c-32.8,3.3-62.8-12.3-75.8-22.1C806,49.6,745.3,8.7,694.9,4.7S492.4,59,473,67.3z\"\/>\n\t<path class=\"elementor-shape-fill\" opacity=\"0.66\" d=\"M734,67.3c-45.5,0-77.2-23.2-129.1-39.1c-28.6-8.7-150.3-10.1-254,39.1 s-91.7-34.4-149.2,0C115.7,118.3,0,39.8,0,39.8V0h1000v36.5c0,0-28.2-18.5-92.1-18.5C810.2,18.1,775.7,67.3,734,67.3z\"\/>\n\t<path class=\"elementor-shape-fill\" d=\"M766.1,28.9c-200-57.5-266,65.5-395.1,19.5C242,1.8,242,5.4,184.8,20.6C128,35.8,132.3,44.9,89.9,52.5C28.6,63.7,0,0,0,0 h1000c0,0-9.9,40.9-83.6,48.1S829.6,47,766.1,28.9z\"\/>\n<\/svg>\t\t<\/div>\n\t\t\t\t\t<div class=\"elementor-container elementor-column-gap-default\">\n\t\t\t\t\t<div class=\"elementor-column elementor-col-100 elementor-top-column elementor-element elementor-element-cb20cc4\" data-id=\"cb20cc4\" data-element_type=\"column\" data-e-type=\"column\" data-settings=\"{&quot;_ob_column_hoveranimator&quot;:&quot;no&quot;,&quot;_ob_column_has_pseudo&quot;:&quot;no&quot;}\">\n\t\t\t<div class=\"elementor-widget-wrap elementor-element-populated\">\n\t\t\t\t\t\t<div class=\"elementor-element elementor-element-5330ccf ob-harakiri-inherit ob-has-background-overlay elementor-widget elementor-widget-heading\" data-id=\"5330ccf\" data-element_type=\"widget\" data-e-type=\"widget\" data-settings=\"{&quot;_ob_use_harakiri&quot;:&quot;yes&quot;,&quot;_ob_harakiri_writing_mode&quot;:&quot;inherit&quot;,&quot;_ob_harakiri_text_clip&quot;:&quot;none&quot;,&quot;_ob_widget_stalker_use&quot;:&quot;no&quot;,&quot;_ob_poopart_use&quot;:&quot;yes&quot;,&quot;_ob_shadough_use&quot;:&quot;no&quot;,&quot;_ob_allow_hoveranimator&quot;:&quot;no&quot;}\" data-widget_type=\"heading.default\">\n\t\t\t\t<div class=\"elementor-widget-container\">\n\t\t\t\t\t<h1 class=\"elementor-heading-title elementor-size-default\">EKSRP<\/h1>\t\t\t\t<\/div>\n\t\t\t\t<\/div>\n\t\t\t\t<div class=\"elementor-element elementor-element-a154946 ob-has-background-overlay elementor-widget elementor-widget-breadcrumbs\" data-id=\"a154946\" data-element_type=\"widget\" data-e-type=\"widget\" data-settings=\"{&quot;_ob_widget_stalker_use&quot;:&quot;no&quot;,&quot;_ob_poopart_use&quot;:&quot;yes&quot;,&quot;_ob_shadough_use&quot;:&quot;no&quot;,&quot;_ob_allow_hoveranimator&quot;:&quot;no&quot;}\" data-widget_type=\"breadcrumbs.default\">\n\t\t\t\t<div class=\"elementor-widget-container\">\n\t\t\t\t\t<p id=\"breadcrumbs\"><span><span><a href=\"https:\/\/www.las-bogastvopodezelja.si\/en\/\">Domov<\/a><\/span><\/span><\/p>\t\t\t\t<\/div>\n\t\t\t\t<\/div>\n\t\t\t\t\t<\/div>\n\t\t<\/div>\n\t\t\t\t\t<\/div>\n\t\t<\/section>\n\t\t\t\t<\/div>\n\t\t\t\t<\/div>\n\t\t\t\t\t\t<\/div>\n\t\t\t\t<\/div>\n\t\t\t\t\t<\/div>\n\t\t<\/div>\n\t\t\t\t\t<\/div>\n\t\t<\/section>\n\t\t\t\t<section class=\"elementor-section elementor-top-section elementor-element elementor-element-3f636a8 elementor-section-boxed elementor-section-height-default elementor-section-height-default\" data-id=\"3f636a8\" data-element_type=\"section\" data-e-type=\"section\" data-settings=\"{&quot;jet_parallax_layout_list&quot;:[],&quot;_ob_glider_is_slider&quot;:&quot;no&quot;}\">\n\t\t\t\t\t\t<div class=\"elementor-container elementor-column-gap-default\">\n\t\t\t\t\t<div class=\"elementor-column elementor-col-100 elementor-top-column elementor-element elementor-element-5bcf1d0\" data-id=\"5bcf1d0\" data-element_type=\"column\" data-e-type=\"column\" data-settings=\"{&quot;_ob_column_hoveranimator&quot;:&quot;no&quot;,&quot;_ob_column_has_pseudo&quot;:&quot;no&quot;}\">\n\t\t\t<div class=\"elementor-widget-wrap elementor-element-populated\">\n\t\t\t\t\t\t<div class=\"elementor-element elementor-element-2b66b09 ob-harakiri-inherit ob-has-background-overlay elementor-widget elementor-widget-text-editor\" data-id=\"2b66b09\" data-element_type=\"widget\" data-e-type=\"widget\" data-settings=\"{&quot;_ob_use_harakiri&quot;:&quot;yes&quot;,&quot;_ob_harakiri_writing_mode&quot;:&quot;inherit&quot;,&quot;_ob_postman_use&quot;:&quot;no&quot;,&quot;_ob_widget_stalker_use&quot;:&quot;no&quot;,&quot;_ob_poopart_use&quot;:&quot;yes&quot;,&quot;_ob_shadough_use&quot;:&quot;no&quot;,&quot;_ob_allow_hoveranimator&quot;:&quot;no&quot;}\" data-widget_type=\"text-editor.default\">\n\t\t\t\t<div class=\"elementor-widget-container\">\n\t\t\t\t\t\t\t\t\t<h2><strong>EKSRP<\/strong> \u2013 <strong>E<\/strong>vropski <strong>K<\/strong>metijski <strong>S<\/strong>klad za <strong>R<\/strong>azvoj <strong>P<\/strong>ode\u017eelja<\/h2><h3>Pristop CLLD (lokalni razvoj, ki ga vodi skupnost)<\/h3><p>Podukrep \u00bbPodpora za izvajanje operacij v okviru strategije lokalnega razvoja, ki ga vodi skupnost\u00ab je namenjen sofinanciranju stro\u0161kov nastalih pri izvedbi operacij LAS ali lokalnih akterjev. V okviru tega podukrepa ni natan\u010dno definiranih operacij in vrst ukrepov za izvajanje, saj je tip operacij odvisen od ciljev, dolo\u010denih v posamezni SLR. Predlogi operacij prihajajo \u00bbod spodaj navzgor\u00ab, zato se pri\u010dakuje \u0161tevilne inovativne pristope oziroma operacije, ki bodo prispevale k celostnemu razvoju lokalnega okolja z aktivacijo endogenih potencialov.<\/p><p>Za izvedbo CLLD 2014 &#8211; 2020 je skupno namenjenih <strong>56,3 milijona evrov iz EKSRP<\/strong>.<\/p><p>Vlogo posredni\u0161kega organa ima <strong>Agencija RS za kmetijske trge in razvoj pode\u017eelja &#8211; ARSKTRP.<\/strong><\/p><p>Podpora iz EKSRP se namenja za slede\u010da <strong>tematska podro\u010dja<\/strong>:<\/p><ul><li>ustvarjanje delovnih mest,<\/li><li>razvoj osnovnih storitev<\/li><li>varstvo okolja in ohranjanje narave,<\/li><li>ve\u010dja vklju\u010denost ranljivih skupin.<\/li><\/ul><p><strong>Upravi\u010denci<\/strong> do sredstev EKSRP so lokalne akcijske skupine -LAS, fizi\u010dne in pravne osebe na pode\u017eelju.<\/p><p><strong>Vrste upravi\u010denih stro\u0161kov:<\/strong> stro\u0161ki dela, materiala, nalo\u017eb, storitev in prispevka v naravi. DDV ni upravi\u010den stro\u0161ek. Do podpore je upravi\u010den tudi nakup zemlji\u0161\u010d v vi\u0161ini 10 % upravi\u010denih stro\u0161kov.<\/p><p>Upravi\u010deni so stro\u0161ki, ki nastanejo po oddaji vloge v odobritev na ARSKTRP.<\/p><p><strong>Vrsta podpore<\/strong>: Podpora se dodeli v obliki nepovratne finan\u010dne pomo\u010di.<\/p><p>Najni\u017eji znesek javne podpore za posamezno operacijo zna\u0161a 2.000 evrov. Stopnja javne podpore iz naslova EKSRP zna\u0161a do <strong>85 % upravi\u010denih stro\u0161kov operacije<\/strong>. Od tega zna\u0161a podpora Evropske unije 80 % in nacionalni javni prispevek iz dr\u017eavnega prora\u010duna 20 %. Preostanek sredstev za pokritje upravi\u010denih in neupravi\u010denih stro\u0161kov operacije zagotavljajo upravi\u010denci iz drugih javnih ali zasebnih virov. Stopnjo podpore posamezne operacije dolo\u010di LAS.<\/p>\t\t\t\t\t\t\t\t<\/div>\n\t\t\t\t<\/div>\n\t\t\t\t\t<\/div>\n\t\t<\/div>\n\t\t\t\t\t<\/div>\n\t\t<\/section>\n\t\t\t\t<\/div>\n\t\t","protected":false},"excerpt":{"rendered":"<p>EKSRP \u2013 Evropski Kmetijski Sklad za Razvoj Pode\u017eelja Pristop CLLD (lokalni razvoj, ki ga vodi skupnost) Podukrep \u00bbPodpora za izvajanje operacij v okviru strategije lokalnega razvoja, ki ga vodi skupnost\u00ab je namenjen sofinanciranju stro\u0161kov nastalih pri izvedbi operacij LAS ali lokalnih akterjev. V okviru tega podukrepa ni natan\u010dno definiranih operacij in vrst ukrepov za izvajanje, [&hellip;]<\/p>\n","protected":false},"author":1,"featured_media":0,"parent":6899,"menu_order":0,"comment_status":"closed","ping_status":"closed","template":"","meta":{"site-sidebar-layout":"no-sidebar","site-content-layout":"page-builder","ast-site-content-layout":"default","site-content-style":"default","site-sidebar-style":"default","ast-global-header-display":"","ast-banner-title-visibility":"","ast-main-header-display":"","ast-hfb-above-header-display":"","ast-hfb-below-header-display":"","ast-hfb-mobile-header-display":"","site-post-title":"disabled","ast-breadcrumbs-content":"","ast-featured-img":"disabled","footer-sml-layout":"","ast-disable-related-posts":"","theme-transparent-header-meta":"","adv-header-id-meta":"","stick-header-meta":"","header-above-stick-meta":"","header-main-stick-meta":"","header-below-stick-meta":"","astra-migrate-meta-layouts":"default","ast-page-background-enabled":"default","ast-page-background-meta":{"desktop":{"background-color":"","background-image":"","background-repeat":"repeat","background-position":"center center","background-size":"auto","background-attachment":"scroll","background-type":"","background-media":"","overlay-type":"","overlay-color":"","overlay-opacity":"","overlay-gradient":""},"tablet":{"background-color":"","background-image":"","background-repeat":"repeat","background-position":"center center","background-size":"auto","background-attachment":"scroll","background-type":"","background-media":"","overlay-type":"","overlay-color":"","overlay-opacity":"","overlay-gradient":""},"mobile":{"background-color":"","background-image":"","background-repeat":"repeat","background-position":"center center","background-size":"auto","background-attachment":"scroll","background-type":"","background-media":"","overlay-type":"","overlay-color":"","overlay-opacity":"","overlay-gradient":""}},"ast-content-background-meta":{"desktop":{"background-color":"var(--ast-global-color-5)","background-image":"","background-repeat":"repeat","background-position":"center center","background-size":"auto","background-attachment":"scroll","background-type":"","background-media":"","overlay-type":"","overlay-color":"","overlay-opacity":"","overlay-gradient":""},"tablet":{"background-color":"var(--ast-global-color-5)","background-image":"","background-repeat":"repeat","background-position":"center center","background-size":"auto","background-attachment":"scroll","background-type":"","background-media":"","overlay-type":"","overlay-color":"","overlay-opacity":"","overlay-gradient":""},"mobile":{"background-color":"var(--ast-global-color-5)","background-image":"","background-repeat":"repeat","background-position":"center center","background-size":"auto","background-attachment":"scroll","background-type":"","background-media":"","overlay-type":"","overlay-color":"","overlay-opacity":"","overlay-gradient":""}},"footnotes":""},"class_list":["post-6886","page","type-page","status-publish","hentry"],"yoast_head":"<!-- This site is optimized with the Yoast SEO plugin v27.4 - https:\/\/yoast.com\/product\/yoast-seo-wordpress\/ -->\n<title>EKSRP - Las Bogastvo pode\u017eelja<\/title>\n<meta name=\"robots\" content=\"index, follow, max-snippet:-1, max-image-preview:large, max-video-preview:-1\" \/>\n<link rel=\"canonical\" href=\"https:\/\/www.las-bogastvopodezelja.si\/en\/clld-2014-2020\/eksrp\/\" \/>\n<meta property=\"og:locale\" content=\"en_US\" \/>\n<meta property=\"og:type\" content=\"article\" \/>\n<meta property=\"og:title\" content=\"EKSRP - Las Bogastvo pode\u017eelja\" \/>\n<meta property=\"og:description\" content=\"EKSRP \u2013 Evropski Kmetijski Sklad za Razvoj Pode\u017eelja Pristop CLLD (lokalni razvoj, ki ga vodi skupnost) Podukrep \u00bbPodpora za izvajanje operacij v okviru strategije lokalnega razvoja, ki ga vodi skupnost\u00ab je namenjen sofinanciranju stro\u0161kov nastalih pri izvedbi operacij LAS ali lokalnih akterjev. V okviru tega podukrepa ni natan\u010dno definiranih operacij in vrst ukrepov za izvajanje, [&hellip;]\" \/>\n<meta property=\"og:url\" content=\"https:\/\/www.las-bogastvopodezelja.si\/en\/clld-2014-2020\/eksrp\/\" \/>\n<meta property=\"og:site_name\" content=\"Las Bogastvo pode\u017eelja\" \/>\n<meta name=\"twitter:card\" content=\"summary_large_image\" \/>\n<meta name=\"twitter:label1\" content=\"Est. reading time\" \/>\n\t<meta name=\"twitter:data1\" content=\"1 minute\" \/>\n<script type=\"application\/ld+json\" class=\"yoast-schema-graph\">{\"@context\":\"https:\\\/\\\/schema.org\",\"@graph\":[{\"@type\":\"WebPage\",\"@id\":\"https:\\\/\\\/www.las-bogastvopodezelja.si\\\/en\\\/clld-2014-2020\\\/eksrp\\\/\",\"url\":\"https:\\\/\\\/www.las-bogastvopodezelja.si\\\/en\\\/clld-2014-2020\\\/eksrp\\\/\",\"name\":\"EKSRP - Las Bogastvo pode\u017eelja\",\"isPartOf\":{\"@id\":\"https:\\\/\\\/www.las-bogastvopodezelja.si\\\/en\\\/#website\"},\"datePublished\":\"2022-03-16T11:29:20+00:00\",\"breadcrumb\":{\"@id\":\"https:\\\/\\\/www.las-bogastvopodezelja.si\\\/en\\\/clld-2014-2020\\\/eksrp\\\/#breadcrumb\"},\"inLanguage\":\"en-US\",\"potentialAction\":[{\"@type\":\"ReadAction\",\"target\":[\"https:\\\/\\\/www.las-bogastvopodezelja.si\\\/en\\\/clld-2014-2020\\\/eksrp\\\/\"]}]},{\"@type\":\"BreadcrumbList\",\"@id\":\"https:\\\/\\\/www.las-bogastvopodezelja.si\\\/en\\\/clld-2014-2020\\\/eksrp\\\/#breadcrumb\",\"itemListElement\":[{\"@type\":\"ListItem\",\"position\":1,\"name\":\"Domov\",\"item\":\"https:\\\/\\\/www.las-bogastvopodezelja.si\\\/en\\\/\"},{\"@type\":\"ListItem\",\"position\":2,\"name\":\"EKSRP\"}]},{\"@type\":\"WebSite\",\"@id\":\"https:\\\/\\\/www.las-bogastvopodezelja.si\\\/en\\\/#website\",\"url\":\"https:\\\/\\\/www.las-bogastvopodezelja.si\\\/en\\\/\",\"name\":\"Las Bogastvo pode\u017eelja\",\"description\":\"Las Bogastvo pode\u017eelja\",\"publisher\":{\"@id\":\"https:\\\/\\\/www.las-bogastvopodezelja.si\\\/en\\\/#organization\"},\"potentialAction\":[{\"@type\":\"SearchAction\",\"target\":{\"@type\":\"EntryPoint\",\"urlTemplate\":\"https:\\\/\\\/www.las-bogastvopodezelja.si\\\/en\\\/?s={search_term_string}\"},\"query-input\":{\"@type\":\"PropertyValueSpecification\",\"valueRequired\":true,\"valueName\":\"search_term_string\"}}],\"inLanguage\":\"en-US\"},{\"@type\":\"Organization\",\"@id\":\"https:\\\/\\\/www.las-bogastvopodezelja.si\\\/en\\\/#organization\",\"name\":\"Las Bogastvo pode\u017eelja\",\"url\":\"https:\\\/\\\/www.las-bogastvopodezelja.si\\\/en\\\/\",\"logo\":{\"@type\":\"ImageObject\",\"inLanguage\":\"en-US\",\"@id\":\"https:\\\/\\\/www.las-bogastvopodezelja.si\\\/en\\\/#\\\/schema\\\/logo\\\/image\\\/\",\"url\":\"https:\\\/\\\/www.las-bogastvopodezelja.si\\\/wp-content\\\/uploads\\\/2022\\\/03\\\/logo.jpg\",\"contentUrl\":\"https:\\\/\\\/www.las-bogastvopodezelja.si\\\/wp-content\\\/uploads\\\/2022\\\/03\\\/logo.jpg\",\"width\":400,\"height\":200,\"caption\":\"Las Bogastvo pode\u017eelja\"},\"image\":{\"@id\":\"https:\\\/\\\/www.las-bogastvopodezelja.si\\\/en\\\/#\\\/schema\\\/logo\\\/image\\\/\"}}]}<\/script>\n<!-- \/ Yoast SEO plugin. -->","yoast_head_json":{"title":"EKSRP - Las Bogastvo pode\u017eelja","robots":{"index":"index","follow":"follow","max-snippet":"max-snippet:-1","max-image-preview":"max-image-preview:large","max-video-preview":"max-video-preview:-1"},"canonical":"https:\/\/www.las-bogastvopodezelja.si\/en\/clld-2014-2020\/eksrp\/","og_locale":"en_US","og_type":"article","og_title":"EKSRP - Las Bogastvo pode\u017eelja","og_description":"EKSRP \u2013 Evropski Kmetijski Sklad za Razvoj Pode\u017eelja Pristop CLLD (lokalni razvoj, ki ga vodi skupnost) Podukrep \u00bbPodpora za izvajanje operacij v okviru strategije lokalnega razvoja, ki ga vodi skupnost\u00ab je namenjen sofinanciranju stro\u0161kov nastalih pri izvedbi operacij LAS ali lokalnih akterjev. V okviru tega podukrepa ni natan\u010dno definiranih operacij in vrst ukrepov za izvajanje, [&hellip;]","og_url":"https:\/\/www.las-bogastvopodezelja.si\/en\/clld-2014-2020\/eksrp\/","og_site_name":"Las Bogastvo pode\u017eelja","twitter_card":"summary_large_image","twitter_misc":{"Est. reading time":"1 minute"},"schema":{"@context":"https:\/\/schema.org","@graph":[{"@type":"WebPage","@id":"https:\/\/www.las-bogastvopodezelja.si\/en\/clld-2014-2020\/eksrp\/","url":"https:\/\/www.las-bogastvopodezelja.si\/en\/clld-2014-2020\/eksrp\/","name":"EKSRP - Las Bogastvo pode\u017eelja","isPartOf":{"@id":"https:\/\/www.las-bogastvopodezelja.si\/en\/#website"},"datePublished":"2022-03-16T11:29:20+00:00","breadcrumb":{"@id":"https:\/\/www.las-bogastvopodezelja.si\/en\/clld-2014-2020\/eksrp\/#breadcrumb"},"inLanguage":"en-US","potentialAction":[{"@type":"ReadAction","target":["https:\/\/www.las-bogastvopodezelja.si\/en\/clld-2014-2020\/eksrp\/"]}]},{"@type":"BreadcrumbList","@id":"https:\/\/www.las-bogastvopodezelja.si\/en\/clld-2014-2020\/eksrp\/#breadcrumb","itemListElement":[{"@type":"ListItem","position":1,"name":"Domov","item":"https:\/\/www.las-bogastvopodezelja.si\/en\/"},{"@type":"ListItem","position":2,"name":"EKSRP"}]},{"@type":"WebSite","@id":"https:\/\/www.las-bogastvopodezelja.si\/en\/#website","url":"https:\/\/www.las-bogastvopodezelja.si\/en\/","name":"Las Bogastvo pode\u017eelja","description":"Las Bogastvo pode\u017eelja","publisher":{"@id":"https:\/\/www.las-bogastvopodezelja.si\/en\/#organization"},"potentialAction":[{"@type":"SearchAction","target":{"@type":"EntryPoint","urlTemplate":"https:\/\/www.las-bogastvopodezelja.si\/en\/?s={search_term_string}"},"query-input":{"@type":"PropertyValueSpecification","valueRequired":true,"valueName":"search_term_string"}}],"inLanguage":"en-US"},{"@type":"Organization","@id":"https:\/\/www.las-bogastvopodezelja.si\/en\/#organization","name":"Las Bogastvo pode\u017eelja","url":"https:\/\/www.las-bogastvopodezelja.si\/en\/","logo":{"@type":"ImageObject","inLanguage":"en-US","@id":"https:\/\/www.las-bogastvopodezelja.si\/en\/#\/schema\/logo\/image\/","url":"https:\/\/www.las-bogastvopodezelja.si\/wp-content\/uploads\/2022\/03\/logo.jpg","contentUrl":"https:\/\/www.las-bogastvopodezelja.si\/wp-content\/uploads\/2022\/03\/logo.jpg","width":400,"height":200,"caption":"Las Bogastvo pode\u017eelja"},"image":{"@id":"https:\/\/www.las-bogastvopodezelja.si\/en\/#\/schema\/logo\/image\/"}}]}},"_links":{"self":[{"href":"https:\/\/www.las-bogastvopodezelja.si\/en\/wp-json\/wp\/v2\/pages\/6886","targetHints":{"allow":["GET"]}}],"collection":[{"href":"https:\/\/www.las-bogastvopodezelja.si\/en\/wp-json\/wp\/v2\/pages"}],"about":[{"href":"https:\/\/www.las-bogastvopodezelja.si\/en\/wp-json\/wp\/v2\/types\/page"}],"author":[{"embeddable":true,"href":"https:\/\/www.las-bogastvopodezelja.si\/en\/wp-json\/wp\/v2\/users\/1"}],"replies":[{"embeddable":true,"href":"https:\/\/www.las-bogastvopodezelja.si\/en\/wp-json\/wp\/v2\/comments?post=6886"}],"version-history":[{"count":0,"href":"https:\/\/www.las-bogastvopodezelja.si\/en\/wp-json\/wp\/v2\/pages\/6886\/revisions"}],"up":[{"embeddable":true,"href":"https:\/\/www.las-bogastvopodezelja.si\/en\/wp-json\/wp\/v2\/pages\/6899"}],"wp:attachment":[{"href":"https:\/\/www.las-bogastvopodezelja.si\/en\/wp-json\/wp\/v2\/media?parent=6886"}],"curies":[{"name":"wp","href":"https:\/\/api.w.org\/{rel}","templated":true}]}}